{"id":1039,"date":"2018-12-18T10:18:00","date_gmt":"2018-12-18T09:18:00","guid":{"rendered":"https:\/\/www.pr-eventmanagement.com\/impressum\/"},"modified":"2019-01-09T10:09:04","modified_gmt":"2019-01-09T09:09:04","slug":"imprint","status":"publish","type":"page","link":"https:\/\/www.pr-eventmanagement.com\/en\/imprint\/","title":{"rendered":"Imprint"},"content":{"rendered":"\n\n\t\t\t\t<a href=\"https:\/\/www.pr-eventmanagement.com\/en\/technikverleih\/\" target=\"_self\" itemprop=\"url\">\n\t\t\t\t<img loading=\"lazy\" decoding=\"async\" src=\"https:\/\/www.pr-eventmanagement.com\/wp-content\/uploads\/2018\/12\/technikverleih.pr-event.png\" alt=\"technikverleih.pr-event\" itemprop=\"image\" height=\"130\" width=\"130\" title=\"technikverleih.pr-event\"  \/>\n\t\t\t\t<\/a>\n<h3>\n\t\tVerleih\n\t<\/h3>\n\t\t\t\t<a href=\"https:\/\/www.pr-eventmanagement.com\/en\/lasershow\/\" target=\"_self\" itemprop=\"url\">\n\t\t\t\t<img loading=\"lazy\" decoding=\"async\" src=\"https:\/\/www.pr-eventmanagement.com\/wp-content\/uploads\/2018\/12\/laser.pr-event.png\" alt=\"laser.pr-event\" itemprop=\"image\" height=\"130\" width=\"130\" title=\"laser.pr-event\"  \/>\n\t\t\t\t<\/a>\n<h3>\n\t\tLasershows\n\t<\/h3>\n\t\t\t\t<a href=\"https:\/\/www.pr-eventmanagement.com\/en\/feuerwerk\/\" target=\"_self\" itemprop=\"url\">\n\t\t\t\t<img loading=\"lazy\" decoding=\"async\" src=\"https:\/\/www.pr-eventmanagement.com\/wp-content\/uploads\/2018\/12\/feuerwerk.pr-event.png\" alt=\"feuerwerk.pr-event\" itemprop=\"image\" height=\"130\" width=\"130\" title=\"feuerwerk.pr-event\"  \/>\n\t\t\t\t<\/a>\n<h3>\n\t\tFeuerwerke\n\t<\/h3>\n\t\t\t\t<a href=\"https:\/\/www.pr-eventmanagement.com\/en\/weddings\/\" target=\"_self\" itemprop=\"url\">\n\t\t\t\t<img loading=\"lazy\" decoding=\"async\" src=\"https:\/\/www.pr-eventmanagement.com\/wp-content\/uploads\/2019\/01\/PR_icons_weddings.png\" alt=\"PR_icons_weddings\" itemprop=\"image\" height=\"130\" width=\"130\" title=\"PR_icons_weddings\"  \/>\n\t\t\t\t<\/a>\n<h3>\n\t\tFeuerwerke\n\t<\/h3>\n\t\t\t\t<a href=\"https:\/\/www.pr-eventmanagement.com\/en\/artists\/\" target=\"_self\" itemprop=\"url\">\n\t\t\t\t<img loading=\"lazy\" decoding=\"async\" src=\"https:\/\/www.pr-eventmanagement.com\/wp-content\/uploads\/2018\/12\/PR_icon_artists.png\" alt=\"PR_icon_artists\" itemprop=\"image\" height=\"130\" width=\"130\" title=\"PR_icon_artists\"  \/>\n\t\t\t\t<\/a>\n<h3>\n\t\tDJs &#038; Artists\n\t<\/h3>\n\t\t\t\t<a href=\"https:\/\/www.pr-eventmanagement.com\/en\/catering\/\" target=\"_self\" itemprop=\"url\">\n\t\t\t\t<img loading=\"lazy\" decoding=\"async\" src=\"https:\/\/www.pr-eventmanagement.com\/wp-content\/uploads\/2018\/12\/Catering.pr-event.png\" alt=\"Catering.pr-event\" itemprop=\"image\" height=\"130\" width=\"130\" title=\"Catering.pr-event\"  \/>\n\t\t\t\t<\/a>\n<h3>\n\t\tCatering\n\t<\/h3>\n\t\t\t\t<a href=\"https:\/\/www.pr-eventmanagement.com\/en\/news\/\" target=\"_self\" itemprop=\"url\">\n\t\t\t\t<img loading=\"lazy\" decoding=\"async\" src=\"https:\/\/www.pr-eventmanagement.com\/wp-content\/uploads\/2018\/12\/PR_icon_News.png\" alt=\"PR_icon_News\" itemprop=\"image\" height=\"130\" width=\"130\" title=\"PR_icon_News\"  \/>\n\t\t\t\t<\/a>\n<h3>\n\t\tMedia\n\t<\/h3>\n<h1>\n\t\tImpressum\n\t<\/h1>\n\t<strong>Telefon:<\/strong> +43 664 4219207<br \/>\n<strong>E-Mail:<\/strong> <a href=\"mailto:info@pr-eventmanagement.com\">info@pr-eventmanagement.com<\/a>\n\t<h2>Unternehmensbezeichnung:<\/h2>\n<h3><strong>PR-EVENTMANAGEMENT<\/strong><\/h3>\n<p><strong>Gesch\u00e4ftsf\u00fchrer:\u00a0<\/strong>M. Maurmair<\/p>\n<h2><\/h2>\n<h2>Anschrift<\/h2>\nBerglandsiedlung 407b<br \/>\nA-5721 Piesendorf<br \/>\nMobil: +43 664 4219 207\n\u00c4nderungen und Irrt\u00fcmer vorbehalten!<br \/>\nUID: ATU69150535 | Gericht Zell am See\n<p>&nbsp;<\/p>\n<strong>Anfrage per E-Mail<\/strong><br \/>\n<a href=\"mailto:info@pr-eventmanagement.com\">info@pr-eventmanagement.com<\/a>\n<p>&nbsp;<\/p>\n<p><strong>Unsere Bankverbindung:<\/strong><\/p>\nUniCredit Bank Austria<br \/>\n<strong>IBAN:\u00a0<\/strong>AT 0711 0001 7905 2204 00<br \/>\n<strong>BIC:\u00a0<\/strong>BKAUATWW\n<p>&nbsp;<\/p>\n<h2>Eine Produktion der<\/h2>\n<strong>Influx MediaHouse GmbH<\/strong><br \/>\nDorfplatz 2<br \/>\n6175 Kematen<br \/>\n<a href=\"http:\/\/www.influxmediahouse.com\/\" target=\"_blank\" rel=\"noopener\">www.influxmediahouse.com<\/a>\n<p>&nbsp;<\/p>\n<h2>Urheber- und Kennzeichenrecht:<\/h2>\n<p>Die durch die Seitenbetreiber erstellten Inhalte und Werke auf diesen Seiten unterliegen dem \u00f6sterreichischen Urheberrecht. Die Vervielf\u00e4ltigung, Bearbeitung, Verbreitung und jede Art der Verwertung au\u00dferhalb der Grenzen des Urheberrechtes bed\u00fcrfen der schriftlichen Zustimmung des jeweiligen Autors bzw. Erstellers. Downloads und Kopien dieser Seite sind nur f\u00fcr den privaten, nicht kommerziellen Gebrauch gestattet. Soweit die Inhalte auf dieser Seite nicht vom Betreiber erstellt wurden, werden die Urheberrechte Dritter beachtet. Insbesondere werden Inhalte Dritter als solche gekennzeichnet. Sollten Sie trotzdem auf eine Urheberrechtsverletzung aufmerksam werden, bitten wir um einen entsprechenden Hinweis. Bei Bekanntwerden von Rechtsverletzungen werden wir derartige Inhalte umgehend entfernen.<\/p>\n<p>&nbsp;<\/p>\n<h2>Inhalt der Webseite:<\/h2>\nDie Inhalte unserer Seiten wurden mit gr\u00f6\u00dfter Sorgfalt erstellt. F\u00fcr die Richtigkeit, Vollst\u00e4ndigkeit und Aktualit\u00e4t der Inhalte k\u00f6nnen wir jedoch keine Gew\u00e4hr \u00fcbernehmen. Als Diensteanbieter sind wir gem\u00e4\u00df \u00a7 7 Abs.1 TMG f\u00fcr eigene Inhalte auf diesen Seiten nach den allgemeinen Gesetzen verantwortlich. Nach \u00a7\u00a7 8 bis 10 TMG sind wir als Diensteanbieter jedoch nicht verpflichtet, \u00fcbermittelte oder gespeicherte fremde Informationen zu \u00fcberwachen oder nach Umst\u00e4nden zu forschen, die auf eine rechtswidrige T\u00e4tigkeit hinweisen. Verpflichtungen zur Entfernung oder Sperrung der Nutzung von Informationen nach den allgemeinen Gesetzen bleiben hiervon unber\u00fchrt. Eine diesbez\u00fcgliche Haftung ist jedoch erst ab dem Zeitpunkt der Kenntnis einer konkreten Rechtsverletzung m\u00f6glich. Bei Bekanntwerden von entsprechenden Rechtsverletzungen werden wir diese Inhalte umgehend entfernen.<br \/>\nS\u00e4mtliche auf den Seiten angef\u00fchrten Preise in EURO, Preis\u00e4nderungen vorbehalten.\n<p>&nbsp;<\/p>\n<h2>Verweise und Links:<\/h2>\n<p>Unser Angebot enth\u00e4lt Links zu externen Webseiten Dritter, auf deren Inhalte wir keinen Einfluss haben. Deshalb k\u00f6nnen wir f\u00fcr diese fremden Inhalte auch keine Gew\u00e4hr \u00fcbernehmen. F\u00fcr die Inhalte der verlinkten Seiten ist stets der jeweilige Anbieter oder Betreiber der Seiten verantwortlich. Die verlinkten Seiten wurden zum Zeitpunkt der Verlinkung auf m\u00f6gliche Rechtsverst\u00f6\u00dfe \u00fcberpr\u00fcft. Rechtswidrige Inhalte waren zum Zeitpunkt der Verlinkung nicht erkennbar. Eine permanente inhaltliche Kontrolle der verlinkten Seiten ist jedoch ohne konkrete Anhaltspunkte einer Rechtsverletzung nicht zumutbar. Bei Bekanntwerden von Rechtsverletzungen werden wir derartige Links umgehend entfernen.<\/p>\n<p>&nbsp;<\/p>\n<h2>Datenschutz:<\/h2>\n<p>Die Nutzung unserer Webseite ist in der Regel ohne Angabe personenbezogener Daten m\u00f6glich. Soweit auf unseren Seiten personenbezogene Daten (beispielsweise Name, Anschrift oder E-Mail-Adressen) erhoben werden, erfolgt dies ausschlie\u00dflich auf freiwilliger Basis und wird durch Bekanntgabe dieser Daten die Zustimmung zur Verwendung dieser Daten im Rahmen der T\u00e4tigkeit des Unternehmens erteilt. Diese Daten werden ohne Ihre ausdr\u00fcckliche Zustimmung nicht an Dritte weitergegeben.<\/p>\nWir weisen darauf hin, dass die Daten\u00fcbertragung im Internet (z.B. bei der Kommunikation per E-Mail) Sicherheitsl\u00fccken aufweisen kann. Ein l\u00fcckenloser Schutz der Daten vor dem Zugriff durch Dritte ist nicht m\u00f6glich.<br \/>\nDer Nutzung von im Rahmen der Impressumspflicht ver\u00f6ffentlichten Kontaktdaten durch Dritte zur \u00dcbersendung von nicht ausdr\u00fccklich angeforderter Werbung und Informationsmaterialien wird hiermit ausdr\u00fccklich widersprochen. Die Betreiber der Seiten behalten sich ausdr\u00fccklich rechtliche Schritte im Falle der unverlangten Zusendung von Werbeinformationen, etwa durch Spam-Mails, vor.\n<p>&nbsp;<\/p>\n<h2>Haftungsausschluss:<\/h2>\nDieser Haftungsausschluss ist als Teil des Internetangebotes zu betrachten, von dem aus auf diese Seite verwiesen wurde. Sofern Teile oder einzelne Formulierungen dieses Textes der geltenden Rechtslage nicht, nicht mehr oder nicht vollst\u00e4ndig entsprechen sollten, bleiben die \u00fcbrigen Teile des Dokumentes in ihrem Inhalt und ihrer G\u00fcltigkeit davon unber\u00fchrt.<br \/>\nTrotz sorgf\u00e4ltiger inhaltlicher Kontrolle \u00fcbernehmen wir keine Haftung f\u00fcr die Inhalte externer Links.<br \/>\nF\u00fcr den Inhalt der verlinkten Seiten sind ausschlie\u00dflich deren Betreiber verantwortlich.\n<p>&nbsp;<\/p>\n<h2>Google Analytics:<\/h2>\nDiese Website benutzt Google Analytics, einen Webanalysedienst der Google Inc. (\u201eGoogle\u201c). Google Analytics verwendet sog. \u201eCookies\u201c, Textdateien, die auf Ihrem Computer gespeichert werden und die eine Analyse der Benutzung der Website durch Sie erm\u00f6glichen. Die durch den Cookie erzeugten Informationen \u00fcber Ihre Benutzung dieser Website werden in der Regel an einen Server von Google in den USA \u00fcbertragen und dort gespeichert. Im Falle der Aktivierung der IP-Anonymisierung auf dieser Webseite, wird Ihre IP-Adresse von Google jedoch innerhalb von Mitgliedstaaten der Europ\u00e4ischen Union oder in anderen Vertragsstaaten des Abkommens \u00fcber den Europ\u00e4ischen Wirtschaftsraum zuvor gek\u00fcrzt. Nur in Ausnahmef\u00e4llen wird die volle IP-Adresse an einen Server von Google in den USA \u00fcbertragen und dort gek\u00fcrzt. Im Auftrag des Betreibers dieser Website wird Google diese Informationen benutzen, um Ihre Nutzung der Website auszuwerten, um Reports \u00fcber die Websiteaktivit\u00e4ten zusammenzustellen und um weitere mit der Websitenutzung und der Internetnutzung verbundene Dienstleistungen gegen\u00fcber dem Websitebetreiber zu erbringenDie im Rahmen von Google Analytics von Ihrem Browser \u00fcbermittelte IP-Adresse wird nicht mit anderen Daten von Google zusammengef\u00fchrt. Sie k\u00f6nnen die Speicherung der Cookies durch eine entsprechende Einstellung Ihrer Browser-Software verhindern; wir weisen Sie jedoch darauf hin, dass Sie in diesem Fall gegebenenfalls nicht s\u00e4mtliche Funktionen dieser Website vollumf\u00e4nglich werden nutzen k\u00f6nnen. Sie k\u00f6nnen dar\u00fcber hinaus die Erfassung der durch das Cookie erzeugten und auf Ihre Nutzung der Website bezogenen Daten (inkl. Ihrer IP-Adresse) an Google sowie die Verarbeitung dieser Daten durch Google verhindern, indem sie das unter dem (Link) verf\u00fcgbare Browser-Plugin herunterladen und installieren. N\u00e4here Informationen hierzu finden Sie unter\u00a0<a href=\"http:\/\/tools.google.com\/dlpage\/gaoptout?hl=de\" target=\"_blank\" rel=\"noopener\">http:\/\/tools.google.com\/dlpage\/gaoptout?hl=de<\/a> bzw. unter\u00a0<a href=\"http:\/\/www.google.com\/intl\/de\/analytics\/privacyoverview.html\" target=\"_blank\" rel=\"noopener\">www.google.com\/intl\/de\/analytics\/<br \/>\nprivacyoverview.html<\/a>\u00a0(allgemeine Informationen zu Google Analytics und Datenschutz). Wir weisen Sie darauf hin, dass auf dieser Webseite Google Analytics um den Code \u201egat._anonymizeIp();\u201c erweitert wurde, um eine anonymisierte Erfassung von IP-Adressen (sog. IP-Masking) zu gew\u00e4hrleisten. Quelle:\u00a0<a href=\"http:\/\/www.datenschutzbeauftragter-info.de\/\" target=\"_blank\" rel=\"noopener\">www.datenschutzbeauftragter-info.de<\/a>\n<p>&nbsp;<\/p>\n","protected":false},"excerpt":{"rendered":"<p>Lasershows DJs &#038; Artists Catering Media Impressum Telefon: +43 664 4219207 E-Mail: info@pr-eventmanagement.com Unternehmensbezeichnung: PR-EVENTMANAGEMENT Gesch\u00e4ftsf\u00fchrer:\u00a0M. Maurmair Anschrift Berglandsiedlung 407b A-5721 Piesendorf Mobil: +43 664 4219 207 \u00c4nderungen und Irrt\u00fcmer vorbehalten! UID: ATU69150535 | Gericht Zell am See &nbsp; Anfrage per E-Mail info@pr-eventmanagement.com &nbsp; Unsere Bankverbindung: UniCredit Bank Austria IBAN:\u00a0AT 0711 0001 7905 2204 00&hellip;<\/p>\n","protected":false},"author":2,"featured_media":0,"parent":0,"menu_order":0,"comment_status":"closed","ping_status":"closed","template":"","meta":{"inline_featured_image":false,"footnotes":""},"class_list":["post-1039","page","type-page","status-publish","hentry"],"_links":{"self":[{"href":"https:\/\/www.pr-eventmanagement.com\/en\/wp-json\/wp\/v2\/pages\/1039","targetHints":{"allow":["GET"]}}],"collection":[{"href":"https:\/\/www.pr-eventmanagement.com\/en\/wp-json\/wp\/v2\/pages"}],"about":[{"href":"https:\/\/www.pr-eventmanagement.com\/en\/wp-json\/wp\/v2\/types\/page"}],"author":[{"embeddable":true,"href":"https:\/\/www.pr-eventmanagement.com\/en\/wp-json\/wp\/v2\/users\/2"}],"replies":[{"embeddable":true,"href":"https:\/\/www.pr-eventmanagement.com\/en\/wp-json\/wp\/v2\/comments?post=1039"}],"version-history":[{"count":3,"href":"https:\/\/www.pr-eventmanagement.com\/en\/wp-json\/wp\/v2\/pages\/1039\/revisions"}],"predecessor-version":[{"id":1043,"href":"https:\/\/www.pr-eventmanagement.com\/en\/wp-json\/wp\/v2\/pages\/1039\/revisions\/1043"}],"wp:attachment":[{"href":"https:\/\/www.pr-eventmanagement.com\/en\/wp-json\/wp\/v2\/media?parent=1039"}],"curies":[{"name":"wp","href":"https:\/\/api.w.org\/{rel}","templated":true}]}}